{"id":511,"date":"2026-04-21T03:07:28","date_gmt":"2026-04-21T03:07:28","guid":{"rendered":"https:\/\/gba.latam.invisibledesign.services\/acerca-de-nosotros\/"},"modified":"2026-04-22T06:29:00","modified_gmt":"2026-04-22T06:29:00","slug":"acerca-de-nosotros","status":"publish","type":"page","link":"https:\/\/gba.latam.invisibledesign.services\/es\/acerca-de-nosotros\/","title":{"rendered":"Acerca de nosotros"},"content":{"rendered":"\t\t<div data-elementor-type=\"wp-page\" data-elementor-id=\"511\" class=\"elementor elementor-511 elementor-386\" data-elementor-post-type=\"page\">\n\t\t\t\t<div class=\"elementor-element elementor-element-a33ac01 e-flex e-con-boxed e-con e-parent\" data-id=\"a33ac01\" data-element_type=\"container\" data-e-type=\"container\" data-settings=\"{&quot;background_background&quot;:&quot;classic&quot;}\">\n\t\t\t\t\t<div class=\"e-con-inner\">\n\t\t<div class=\"elementor-element elementor-element-53d229c e-con-full e-flex e-con e-child\" data-id=\"53d229c\" data-element_type=\"container\" data-e-type=\"container\">\n\t\t\t\t<div class=\"elementor-element elementor-element-ae11968 elementor-widget elementor-widget-heading\" data-id=\"ae11968\" data-element_type=\"widget\" data-e-type=\"widget\" data-widget_type=\"heading.default\">\n\t\t\t\t\t<h1 class=\"elementor-heading-title elementor-size-default\">Experiencia global. Conocimiento local.<\/h1>\t\t\t\t<\/div>\n\t\t\t\t<div class=\"elementor-element elementor-element-f8f0ad2 elementor-widget elementor-widget-heading\" data-id=\"f8f0ad2\" data-element_type=\"widget\" data-e-type=\"widget\" data-widget_type=\"heading.default\">\n\t\t\t\t\t<p class=\"elementor-heading-title elementor-size-default\">GBA LatAm Trade and Investment Advisors es un peque\u00f1o equipo de profesionales con talento que cuenta con una amplia gama de habilidades y experiencia en negocios internacionales y comercio.<\/p>\t\t\t\t<\/div>\n\t\t\t\t<\/div>\n\t\t<div class=\"elementor-element elementor-element-9a89548 e-con-full e-grid e-con e-child\" data-id=\"9a89548\" data-element_type=\"container\" data-e-type=\"container\">\n\t\t\t\t<div class=\"elementor-element elementor-element-c4c48cc elementor-widget elementor-widget-image\" data-id=\"c4c48cc\" data-element_type=\"widget\" data-e-type=\"widget\" data-widget_type=\"image.default\">\n\t\t\t\t\t\t\t\t\t\t\t\t\t\t\t<img fetchpriority=\"high\" decoding=\"async\" width=\"768\" height=\"966\" src=\"https:\/\/gba.latam.invisibledesign.services\/wp-content\/uploads\/2026\/04\/Susana-Munoz-Enriquez.webp\" class=\"attachment-large size-large wp-image-509\" alt=\"Susana Mu\u00f1oz Enr\u00edquez\" srcset=\"https:\/\/gba.latam.invisibledesign.services\/wp-content\/uploads\/2026\/04\/Susana-Munoz-Enriquez.webp 768w, https:\/\/gba.latam.invisibledesign.services\/wp-content\/uploads\/2026\/04\/Susana-Munoz-Enriquez-239x300.webp 239w\" sizes=\"(max-width: 768px) 100vw, 768px\" \/>\t\t\t\t\t\t\t\t\t\t\t\t\t\t\t<\/div>\n\t\t<div class=\"elementor-element elementor-element-d309348 e-con-full e-flex e-con e-child\" data-id=\"d309348\" data-element_type=\"container\" data-e-type=\"container\">\n\t\t<div class=\"elementor-element elementor-element-405735f e-con-full e-flex e-con e-child\" data-id=\"405735f\" data-element_type=\"container\" data-e-type=\"container\">\n\t\t\t\t<div class=\"elementor-element elementor-element-5a45842 elementor-widget elementor-widget-heading\" data-id=\"5a45842\" data-element_type=\"widget\" data-e-type=\"widget\" data-widget_type=\"heading.default\">\n\t\t\t\t\t<h2 class=\"elementor-heading-title elementor-size-default\">Susana Mu\u00f1oz Enr\u00edquez<\/h2>\t\t\t\t<\/div>\n\t\t\t\t<div class=\"elementor-element elementor-element-b2666fa elementor-widget elementor-widget-heading\" data-id=\"b2666fa\" data-element_type=\"widget\" data-e-type=\"widget\" data-widget_type=\"heading.default\">\n\t\t\t\t\t<p class=\"elementor-heading-title elementor-size-default\">Socia directora<\/p>\t\t\t\t<\/div>\n\t\t\t\t<\/div>\n\t\t\t\t<div class=\"elementor-element elementor-element-14ca8d5 elementor-widget elementor-widget-text-editor\" data-id=\"14ca8d5\" data-element_type=\"widget\" data-e-type=\"widget\" data-widget_type=\"text-editor.default\">\n\t\t\t\t\t\t\t\t\t<p>Susana Mu\u00f1oz es una experta en asesor\u00eda de negocios internacionales y socia directora de GBA LatAm. Se especializa en estrategia integral de puesta en marcha de negocios, pol\u00edtica econ\u00f3mica y regulaci\u00f3n en la regi\u00f3n de la Gran Bah\u00eda, desarrollo de productos y comunicaci\u00f3n intercultural para empresas internacionales.<\/p><p>Susana es presidenta de Mexcham Hong Kong para el periodo 2020-2022 y asesora del programa EMBA de CUHK para el periodo 2021-2023.<br>Susana vive en Hong Kong desde 2012, primero como parte de la puesta en marcha de la oficina de Great Place to Work en la regi\u00f3n de la Gran China y, posteriormente, como consejera y representante del Ministerio de Econom\u00eda de M\u00e9xico.<br>Susana habla ingl\u00e9s, espa\u00f1ol y mandar\u00edn, y actualmente est\u00e1 trabajando en mejorar sus habilidades en canton\u00e9s.<\/p><p>Formaci\u00f3n acad\u00e9mica<\/p><ul><li>M\u00e1ster en Ciencias Sociales en Pol\u00edticas P\u00fablicas de la Universidad China de Hong Kong (2018)<\/li><li>M\u00e1ster en Filosof\u00eda en Sociolog\u00eda de la Universidad de Sichuan, China (2005)<\/li><\/ul>\t\t\t\t\t\t\t\t<\/div>\n\t\t\t\t<\/div>\n\t\t\t\t<\/div>\n\t\t<div class=\"elementor-element elementor-element-222614b e-con-full e-grid e-con e-child\" data-id=\"222614b\" data-element_type=\"container\" data-e-type=\"container\">\n\t\t\t\t<div class=\"elementor-element elementor-element-91917ea elementor-widget elementor-widget-image\" data-id=\"91917ea\" data-element_type=\"widget\" data-e-type=\"widget\" data-widget_type=\"image.default\">\n\t\t\t\t\t\t\t\t\t\t\t\t\t\t\t<img decoding=\"async\" width=\"768\" height=\"1021\" src=\"https:\/\/gba.latam.invisibledesign.services\/wp-content\/uploads\/2026\/04\/Karla-Loyo-Quintero.webp\" class=\"attachment-large size-large wp-image-510\" alt=\"Karla Loyo Quintero\" srcset=\"https:\/\/gba.latam.invisibledesign.services\/wp-content\/uploads\/2026\/04\/Karla-Loyo-Quintero.webp 768w, https:\/\/gba.latam.invisibledesign.services\/wp-content\/uploads\/2026\/04\/Karla-Loyo-Quintero-226x300.webp 226w\" sizes=\"(max-width: 768px) 100vw, 768px\" \/>\t\t\t\t\t\t\t\t\t\t\t\t\t\t\t<\/div>\n\t\t<div class=\"elementor-element elementor-element-34de642 e-con-full e-flex e-con e-child\" data-id=\"34de642\" data-element_type=\"container\" data-e-type=\"container\">\n\t\t<div class=\"elementor-element elementor-element-7b51496 e-con-full e-flex e-con e-child\" data-id=\"7b51496\" data-element_type=\"container\" data-e-type=\"container\">\n\t\t\t\t<div class=\"elementor-element elementor-element-e5a12ab elementor-widget elementor-widget-heading\" data-id=\"e5a12ab\" data-element_type=\"widget\" data-e-type=\"widget\" data-widget_type=\"heading.default\">\n\t\t\t\t\t<h2 class=\"elementor-heading-title elementor-size-default\">Karla Loyo Quintero<\/h2>\t\t\t\t<\/div>\n\t\t\t\t<div class=\"elementor-element elementor-element-78b7e65 elementor-widget elementor-widget-heading\" data-id=\"78b7e65\" data-element_type=\"widget\" data-e-type=\"widget\" data-widget_type=\"heading.default\">\n\t\t\t\t\t<p class=\"elementor-heading-title elementor-size-default\">Directora para M\u00e9xico<\/p>\t\t\t\t<\/div>\n\t\t\t\t<\/div>\n\t\t\t\t<div class=\"elementor-element elementor-element-36e620d elementor-widget elementor-widget-text-editor\" data-id=\"36e620d\" data-element_type=\"widget\" data-e-type=\"widget\" data-widget_type=\"text-editor.default\">\n\t\t\t\t\t\t\t\t\t<p>Karla es la experta de GBA LatAm en investigaci\u00f3n econ\u00f3mico-comercial, auditor\u00edas de f\u00e1bricas, inspecci\u00f3n de productos e identificaci\u00f3n de proveedores para el mercado latinoamericano. Se especializa en delegaciones empresariales, requisitos y procedimientos de exportaci\u00f3n e importaci\u00f3n, e instrumentos para operaciones de comercio exterior.<\/p><p>Karla cuenta con m\u00e1s de 13 a\u00f1os de experiencia trabajando en agencias privadas y gubernamentales, como la C\u00e1mara de Comercio y Tecnolog\u00eda China M\u00e9xico, la C\u00e1mara Mexicana \u00c1rabe de Industria y Comercio, la C\u00e1mara Mexicana de Comercio en Hong Kong y la Embajada de Estados Unidos en M\u00e9xico.<\/p><p>Formaci\u00f3n acad\u00e9mica<\/p><ul><li>Licenciatura en Relaciones Internacionales de la Universidad de las Am\u00e9ricas, M\u00e9xico.<\/li><li>M\u00e1ster en Comercio Internacional de la Universidad de Ciencia y Tecnolog\u00eda de Pek\u00edn, China.<\/li><\/ul>\t\t\t\t\t\t\t\t<\/div>\n\t\t\t\t<\/div>\n\t\t\t\t<\/div>\n\t\t<div class=\"elementor-element elementor-element-252f127 e-con-full e-flex e-con e-child\" data-id=\"252f127\" data-element_type=\"container\" data-e-type=\"container\">\n\t\t\t\t<div class=\"elementor-element elementor-element-6de58de elementor-widget elementor-widget-heading\" data-id=\"6de58de\" data-element_type=\"widget\" data-e-type=\"widget\" data-widget_type=\"heading.default\">\n\t\t\t\t\t<h2 class=\"elementor-heading-title elementor-size-default\">Nuestros socios legales<\/h2>\t\t\t\t<\/div>\n\t\t<div class=\"elementor-element elementor-element-9b1eb17 e-con-full e-flex e-con e-child\" data-id=\"9b1eb17\" data-element_type=\"container\" data-e-type=\"container\">\n\t\t<div class=\"elementor-element elementor-element-e5c6a43 e-con-full e-flex e-con e-child\" data-id=\"e5c6a43\" data-element_type=\"container\" data-e-type=\"container\">\n\t\t\t\t<div class=\"elementor-element elementor-element-df2c9d3 elementor-widget elementor-widget-image\" data-id=\"df2c9d3\" data-element_type=\"widget\" data-e-type=\"widget\" data-widget_type=\"image.default\">\n\t\t\t\t\t\t\t\t\t\t\t\t\t\t\t<img decoding=\"async\" width=\"400\" height=\"400\" src=\"https:\/\/gba.latam.invisibledesign.services\/wp-content\/uploads\/2026\/04\/VTZ.webp\" class=\"attachment-large size-large wp-image-498\" alt=\"Socio VTZ\" srcset=\"https:\/\/gba.latam.invisibledesign.services\/wp-content\/uploads\/2026\/04\/VTZ.webp 400w, https:\/\/gba.latam.invisibledesign.services\/wp-content\/uploads\/2026\/04\/VTZ-300x300.webp 300w, https:\/\/gba.latam.invisibledesign.services\/wp-content\/uploads\/2026\/04\/VTZ-150x150.webp 150w\" sizes=\"(max-width: 400px) 100vw, 400px\" \/>\t\t\t\t\t\t\t\t\t\t\t\t\t\t\t<\/div>\n\t\t\t\t<div class=\"elementor-element elementor-element-010fb95 elementor-widget elementor-widget-text-editor\" data-id=\"010fb95\" data-element_type=\"widget\" data-e-type=\"widget\" data-widget_type=\"text-editor.default\">\n\t\t\t\t\t\t\t\t\t<p>V\u00e1zquez Tercero &amp; Zepeda (VTZ) es un despacho de abogados con pr\u00e1ctica especializada en comercio internacional, derecho aduanero, derecho fiscal, regulaci\u00f3n (derecho sanitario y de seguridad alimentaria), litigios comerciales y administrativos en Ciudad de M\u00e9xico, Guadalajara, Monterrey, Le\u00f3n, Tijuana y Reynosa. <\/p><p>Nuestra misi\u00f3n es clara: resolver problemas legales complejos y proporcionar certeza jur\u00eddica a los negocios y operaciones comerciales de empresas, nacionales o internacionales, en M\u00e9xico.<\/p>\t\t\t\t\t\t\t\t<\/div>\n\t\t\t\t<\/div>\n\t\t<div class=\"elementor-element elementor-element-2023015 e-con-full e-flex e-con e-child\" data-id=\"2023015\" data-element_type=\"container\" data-e-type=\"container\">\n\t\t\t\t<div class=\"elementor-element elementor-element-a4c7c50 elementor-widget elementor-widget-image\" data-id=\"a4c7c50\" data-element_type=\"widget\" data-e-type=\"widget\" data-widget_type=\"image.default\">\n\t\t\t\t\t\t\t\t\t\t\t\t\t\t\t<img loading=\"lazy\" decoding=\"async\" width=\"400\" height=\"400\" src=\"https:\/\/gba.latam.invisibledesign.services\/wp-content\/uploads\/2026\/04\/DBM.webp\" class=\"attachment-large size-large wp-image-499\" alt=\"Socio DBM\" srcset=\"https:\/\/gba.latam.invisibledesign.services\/wp-content\/uploads\/2026\/04\/DBM.webp 400w, https:\/\/gba.latam.invisibledesign.services\/wp-content\/uploads\/2026\/04\/DBM-300x300.webp 300w, https:\/\/gba.latam.invisibledesign.services\/wp-content\/uploads\/2026\/04\/DBM-150x150.webp 150w\" sizes=\"(max-width: 400px) 100vw, 400px\" \/>\t\t\t\t\t\t\t\t\t\t\t\t\t\t\t<\/div>\n\t\t\t\t<div class=\"elementor-element elementor-element-8b4ce45 elementor-widget elementor-widget-text-editor\" data-id=\"8b4ce45\" data-element_type=\"widget\" data-e-type=\"widget\" data-widget_type=\"text-editor.default\">\n\t\t\t\t\t\t\t\t\t<p>Doing Business in Mexico (DBM) es una iniciativa privada que busca promover a M\u00e9xico como destino de negocios para empresas internacionales e inversores extranjeros.<\/p>\t\t\t\t\t\t\t\t<\/div>\n\t\t\t\t<\/div>\n\t\t\t\t<\/div>\n\t\t\t\t<\/div>\n\t\t\t\t\t<\/div>\n\t\t\t\t<\/div>\n\t\t<div class=\"elementor-element elementor-element-02773d1 e-flex e-con-boxed e-con e-parent\" data-id=\"02773d1\" data-element_type=\"container\" data-e-type=\"container\" data-settings=\"{&quot;background_background&quot;:&quot;gradient&quot;}\">\n\t\t\t\t\t<div class=\"e-con-inner\">\n\t\t<div class=\"elementor-element elementor-element-5ce3f02 e-con-full e-flex e-con e-child\" data-id=\"5ce3f02\" data-element_type=\"container\" data-e-type=\"container\">\n\t\t\t\t<div class=\"elementor-element elementor-element-673a159 elementor-widget-divider--view-line elementor-widget elementor-widget-divider\" data-id=\"673a159\" data-element_type=\"widget\" data-e-type=\"widget\" data-widget_type=\"divider.default\">\n\t\t\t\t\t\t\t<div class=\"elementor-divider\">\n\t\t\t<span class=\"elementor-divider-separator\">\n\t\t\t\t\t\t<\/span>\n\t\t<\/div>\n\t\t\t\t\t\t<\/div>\n\t\t\t\t<div class=\"elementor-element elementor-element-e00411a elementor-widget elementor-widget-heading\" data-id=\"e00411a\" data-element_type=\"widget\" data-e-type=\"widget\" data-widget_type=\"heading.default\">\n\t\t\t\t\t<h3 class=\"elementor-heading-title elementor-size-default\">\u00bfListo para llevar su negocio al siguiente nivel?<\/h3>\t\t\t\t<\/div>\n\t\t\t\t<div class=\"elementor-element elementor-element-8968516 elementor-widget elementor-widget-heading\" data-id=\"8968516\" data-element_type=\"widget\" data-e-type=\"widget\" data-widget_type=\"heading.default\">\n\t\t\t\t\t<p class=\"elementor-heading-title elementor-size-default\">Cont\u00e1ctenos ahora para una consulta personalizada.<\/p>\t\t\t\t<\/div>\n\t\t\t\t<\/div>\n\t\t\t\t<div class=\"elementor-element elementor-element-28eea36 elementor-mobile-align-justify elementor-widget-mobile__width-inherit elementor-align-justify elementor-widget__width-initial elementor-widget elementor-widget-button\" data-id=\"28eea36\" data-element_type=\"widget\" data-e-type=\"widget\" data-widget_type=\"button.default\">\n\t\t\t\t\t\t\t\t\t\t<a class=\"elementor-button elementor-button-link elementor-size-sm\" href=\"#\">\n\t\t\t\t\t\t<span class=\"elementor-button-content-wrapper\">\n\t\t\t\t\t\t\t\t\t<span class=\"elementor-button-text\">Contacto<\/span>\n\t\t\t\t\t<\/span>\n\t\t\t\t\t<\/a>\n\t\t\t\t\t\t\t\t<\/div>\n\t\t\t\t\t<\/div>\n\t\t\t\t<\/div>\n\t\t\t\t<\/div>\n\t\t","protected":false},"excerpt":{"rendered":"<p>Experiencia global. Conocimiento local. GBA LatAm Trade and Investment Advisors es un peque\u00f1o equipo de profesionales con talento que cuenta [&hellip;]<\/p>\n","protected":false},"author":1,"featured_media":0,"parent":0,"menu_order":0,"comment_status":"closed","ping_status":"closed","template":"","meta":{"_acf_changed":false,"site-sidebar-layout":"no-sidebar","site-content-layout":"","ast-site-content-layout":"full-width-container","site-content-style":"default","site-sidebar-style":"default","ast-global-header-display":"","ast-banner-title-visibility":"","ast-main-header-display":"","ast-hfb-above-header-display":"","ast-hfb-below-header-display":"","ast-hfb-mobile-header-display":"","site-post-title":"disabled","ast-breadcrumbs-content":"","ast-featured-img":"disabled","footer-sml-layout":"","ast-disable-related-posts":"","theme-transparent-header-meta":"","adv-header-id-meta":"","stick-header-meta":"","header-above-stick-meta":"","header-main-stick-meta":"","header-below-stick-meta":"","astra-migrate-meta-layouts":"default","ast-page-background-enabled":"default","ast-page-background-meta":{"desktop":{"background-color":"var(--ast-global-color-5)","background-image":"","background-repeat":"repeat","background-position":"center center","background-size":"auto","background-attachment":"scroll","background-type":"","background-media":"","overlay-type":"","overlay-color":"","overlay-opacity":"","overlay-gradient":""},"tablet":{"background-color":"","background-image":"","background-repeat":"repeat","background-position":"center center","background-size":"auto","background-attachment":"scroll","background-type":"","background-media":"","overlay-type":"","overlay-color":"","overlay-opacity":"","overlay-gradient":""},"mobile":{"background-color":"","background-image":"","background-repeat":"repeat","background-position":"center center","background-size":"auto","background-attachment":"scroll","background-type":"","background-media":"","overlay-type":"","overlay-color":"","overlay-opacity":"","overlay-gradient":""}},"ast-content-background-meta":{"desktop":{"background-color":"var(--ast-global-color-4)","background-image":"","background-repeat":"repeat","background-position":"center center","background-size":"auto","background-attachment":"scroll","background-type":"","background-media":"","overlay-type":"","overlay-color":"","overlay-opacity":"","overlay-gradient":""},"tablet":{"background-color":"var(--ast-global-color-4)","background-image":"","background-repeat":"repeat","background-position":"center center","background-size":"auto","background-attachment":"scroll","background-type":"","background-media":"","overlay-type":"","overlay-color":"","overlay-opacity":"","overlay-gradient":""},"mobile":{"background-color":"var(--ast-global-color-4)","background-image":"","background-repeat":"repeat","background-position":"center center","background-size":"auto","background-attachment":"scroll","background-type":"","background-media":"","overlay-type":"","overlay-color":"","overlay-opacity":"","overlay-gradient":""}},"footnotes":""},"class_list":["post-511","page","type-page","status-publish","hentry"],"acf":[],"_links":{"self":[{"href":"https:\/\/gba.latam.invisibledesign.services\/es\/wp-json\/wp\/v2\/pages\/511","targetHints":{"allow":["GET"]}}],"collection":[{"href":"https:\/\/gba.latam.invisibledesign.services\/es\/wp-json\/wp\/v2\/pages"}],"about":[{"href":"https:\/\/gba.latam.invisibledesign.services\/es\/wp-json\/wp\/v2\/types\/page"}],"author":[{"embeddable":true,"href":"https:\/\/gba.latam.invisibledesign.services\/es\/wp-json\/wp\/v2\/users\/1"}],"replies":[{"embeddable":true,"href":"https:\/\/gba.latam.invisibledesign.services\/es\/wp-json\/wp\/v2\/comments?post=511"}],"version-history":[{"count":1,"href":"https:\/\/gba.latam.invisibledesign.services\/es\/wp-json\/wp\/v2\/pages\/511\/revisions"}],"predecessor-version":[{"id":512,"href":"https:\/\/gba.latam.invisibledesign.services\/es\/wp-json\/wp\/v2\/pages\/511\/revisions\/512"}],"wp:attachment":[{"href":"https:\/\/gba.latam.invisibledesign.services\/es\/wp-json\/wp\/v2\/media?parent=511"}],"curies":[{"name":"wp","href":"https:\/\/api.w.org\/{rel}","templated":true}]}}